{"id":34603,"date":"2025-11-21T00:07:27","date_gmt":"2025-11-20T23:07:27","guid":{"rendered":"https:\/\/eyelaser.ch\/laser-pour-les-yeux\/therapie-laser-ptk-a-zurich-guerison-durable-de-lerosion-recurrente-et-des-cicatrices-corneennes\/"},"modified":"2025-11-21T00:07:27","modified_gmt":"2025-11-20T23:07:27","slug":"therapie-laser-ptk-a-zurich-guerison-durable-de-lerosion-recurrente-et-des-cicatrices-corneennes","status":"publish","type":"page","link":"https:\/\/eyelaser.ch\/fr\/laser-pour-les-yeux\/therapie-laser-ptk-a-zurich-guerison-durable-de-lerosion-recurrente-et-des-cicatrices-corneennes\/","title":{"rendered":"Th\u00e9rapie laser PTK \u00e0 Zurich : gu\u00e9rison durable de l&rsquo;\u00e9rosion r\u00e9currente et des cicatrices corn\u00e9ennes"},"content":{"rendered":"","protected":false},"excerpt":{"rendered":"","protected":false},"author":28,"featured_media":34598,"parent":28703,"menu_order":0,"comment_status":"closed","ping_status":"closed","template":"page-flexible-content.php","meta":{"_acf_changed":false,"footnotes":""},"class_list":["post-34603","page","type-page","status-publish","has-post-thumbnail","hentry"],"acf":[],"_links":{"self":[{"href":"https:\/\/eyelaser.ch\/fr\/wp-json\/wp\/v2\/pages\/34603","targetHints":{"allow":["GET"]}}],"collection":[{"href":"https:\/\/eyelaser.ch\/fr\/wp-json\/wp\/v2\/pages"}],"about":[{"href":"https:\/\/eyelaser.ch\/fr\/wp-json\/wp\/v2\/types\/page"}],"author":[{"embeddable":true,"href":"https:\/\/eyelaser.ch\/fr\/wp-json\/wp\/v2\/users\/28"}],"replies":[{"embeddable":true,"href":"https:\/\/eyelaser.ch\/fr\/wp-json\/wp\/v2\/comments?post=34603"}],"version-history":[{"count":0,"href":"https:\/\/eyelaser.ch\/fr\/wp-json\/wp\/v2\/pages\/34603\/revisions"}],"up":[{"embeddable":true,"href":"https:\/\/eyelaser.ch\/fr\/wp-json\/wp\/v2\/pages\/28703"}],"wp:featuredmedia":[{"embeddable":true,"href":"https:\/\/eyelaser.ch\/fr\/wp-json\/wp\/v2\/media\/34598"}],"wp:attachment":[{"href":"https:\/\/eyelaser.ch\/fr\/wp-json\/wp\/v2\/media?parent=34603"}],"curies":[{"name":"wp","href":"https:\/\/api.w.org\/{rel}","templated":true}]}}