{"id":34700,"date":"2025-12-10T00:02:45","date_gmt":"2025-12-09T23:02:45","guid":{"rendered":"https:\/\/eyelaser.ch\/keratocone\/mieux-voir-avec-un-keratocone-procedes-modernes-damelioration-de-la-vision-a-zurich\/"},"modified":"2026-04-29T19:01:08","modified_gmt":"2026-04-29T17:01:08","slug":"keratokonus-sehverbesserung-laser-cairs","status":"publish","type":"page","link":"https:\/\/eyelaser.ch\/fr\/keratocone\/mieux-voir-avec-un-keratocone-procedes-modernes-damelioration-de-la-vision-a-zurich\/","title":{"rendered":"Mieux voir avec un k\u00e9ratoc\u00f4ne : proc\u00e9d\u00e9s modernes d&rsquo;am\u00e9lioration de la vision \u00e0 Zurich"},"content":{"rendered":"","protected":false},"excerpt":{"rendered":"","protected":false},"author":28,"featured_media":34690,"parent":28846,"menu_order":0,"comment_status":"closed","ping_status":"closed","template":"page-flexible-content.php","meta":{"_acf_changed":false,"footnotes":""},"class_list":["post-34700","page","type-page","status-publish","has-post-thumbnail","hentry"],"acf":[],"_links":{"self":[{"href":"https:\/\/eyelaser.ch\/fr\/wp-json\/wp\/v2\/pages\/34700","targetHints":{"allow":["GET"]}}],"collection":[{"href":"https:\/\/eyelaser.ch\/fr\/wp-json\/wp\/v2\/pages"}],"about":[{"href":"https:\/\/eyelaser.ch\/fr\/wp-json\/wp\/v2\/types\/page"}],"author":[{"embeddable":true,"href":"https:\/\/eyelaser.ch\/fr\/wp-json\/wp\/v2\/users\/28"}],"replies":[{"embeddable":true,"href":"https:\/\/eyelaser.ch\/fr\/wp-json\/wp\/v2\/comments?post=34700"}],"version-history":[{"count":0,"href":"https:\/\/eyelaser.ch\/fr\/wp-json\/wp\/v2\/pages\/34700\/revisions"}],"up":[{"embeddable":true,"href":"https:\/\/eyelaser.ch\/fr\/wp-json\/wp\/v2\/pages\/28846"}],"wp:featuredmedia":[{"embeddable":true,"href":"https:\/\/eyelaser.ch\/fr\/wp-json\/wp\/v2\/media\/34690"}],"wp:attachment":[{"href":"https:\/\/eyelaser.ch\/fr\/wp-json\/wp\/v2\/media?parent=34700"}],"curies":[{"name":"wp","href":"https:\/\/api.w.org\/{rel}","templated":true}]}}