{"id":35385,"date":"2026-01-02T13:58:27","date_gmt":"2026-01-02T12:58:27","guid":{"rendered":"https:\/\/eyelaser.ch\/laser-pour-les-yeux\/smartsight-nova-zuerich-praezision\/"},"modified":"2026-04-29T19:00:24","modified_gmt":"2026-04-29T17:00:24","slug":"smartsight-nova-zuerich-praezision","status":"publish","type":"page","link":"https:\/\/eyelaser.ch\/fr\/laser-pour-les-yeux\/smartsight-nova-zurich-precision\/","title":{"rendered":"SmartSight Nova \u00e0 Zurich : pr\u00e9cision maximale gr\u00e2ce \u00e0 un centrage d&rsquo;avant-garde"},"content":{"rendered":"","protected":false},"excerpt":{"rendered":"","protected":false},"author":28,"featured_media":33956,"parent":28703,"menu_order":0,"comment_status":"closed","ping_status":"closed","template":"page-flexible-content.php","meta":{"_acf_changed":false,"footnotes":""},"class_list":["post-35385","page","type-page","status-publish","has-post-thumbnail","hentry"],"acf":[],"_links":{"self":[{"href":"https:\/\/eyelaser.ch\/fr\/wp-json\/wp\/v2\/pages\/35385","targetHints":{"allow":["GET"]}}],"collection":[{"href":"https:\/\/eyelaser.ch\/fr\/wp-json\/wp\/v2\/pages"}],"about":[{"href":"https:\/\/eyelaser.ch\/fr\/wp-json\/wp\/v2\/types\/page"}],"author":[{"embeddable":true,"href":"https:\/\/eyelaser.ch\/fr\/wp-json\/wp\/v2\/users\/28"}],"replies":[{"embeddable":true,"href":"https:\/\/eyelaser.ch\/fr\/wp-json\/wp\/v2\/comments?post=35385"}],"version-history":[{"count":0,"href":"https:\/\/eyelaser.ch\/fr\/wp-json\/wp\/v2\/pages\/35385\/revisions"}],"up":[{"embeddable":true,"href":"https:\/\/eyelaser.ch\/fr\/wp-json\/wp\/v2\/pages\/28703"}],"wp:featuredmedia":[{"embeddable":true,"href":"https:\/\/eyelaser.ch\/fr\/wp-json\/wp\/v2\/media\/33956"}],"wp:attachment":[{"href":"https:\/\/eyelaser.ch\/fr\/wp-json\/wp\/v2\/media?parent=35385"}],"curies":[{"name":"wp","href":"https:\/\/api.w.org\/{rel}","templated":true}]}}