{"id":32672,"date":"2025-10-07T12:40:00","date_gmt":"2025-10-07T10:40:00","guid":{"rendered":"https:\/\/eyelaser.ch\/?page_id=32672"},"modified":"2026-04-28T18:31:51","modified_gmt":"2026-04-28T16:31:51","slug":"soczewki-edof-w-zurychu-wieksza-glebia-ostrosci-praktyczne-komfortowe-wyrazne","status":"publish","type":"page","link":"https:\/\/eyelaser.ch\/pl\/prezbiopia\/soczewki-edof-w-zurychu-wieksza-glebia-ostrosci-praktyczne-komfortowe-wyrazne\/","title":{"rendered":"Soczewki EDOF w Zurychu: wi\u0119ksza g\u0142\u0119bia ostro\u015bci &#8211; praktyczne, komfortowe, wyra\u017ane"},"content":{"rendered":"","protected":false},"excerpt":{"rendered":"","protected":false},"author":28,"featured_media":0,"parent":28425,"menu_order":0,"comment_status":"closed","ping_status":"closed","template":"page-flexible-content.php","meta":{"_acf_changed":false,"footnotes":""},"class_list":["post-32672","page","type-page","status-publish","hentry"],"acf":[],"_links":{"self":[{"href":"https:\/\/eyelaser.ch\/pl\/wp-json\/wp\/v2\/pages\/32672","targetHints":{"allow":["GET"]}}],"collection":[{"href":"https:\/\/eyelaser.ch\/pl\/wp-json\/wp\/v2\/pages"}],"about":[{"href":"https:\/\/eyelaser.ch\/pl\/wp-json\/wp\/v2\/types\/page"}],"author":[{"embeddable":true,"href":"https:\/\/eyelaser.ch\/pl\/wp-json\/wp\/v2\/users\/28"}],"replies":[{"embeddable":true,"href":"https:\/\/eyelaser.ch\/pl\/wp-json\/wp\/v2\/comments?post=32672"}],"version-history":[{"count":0,"href":"https:\/\/eyelaser.ch\/pl\/wp-json\/wp\/v2\/pages\/32672\/revisions"}],"up":[{"embeddable":true,"href":"https:\/\/eyelaser.ch\/pl\/wp-json\/wp\/v2\/pages\/28425"}],"wp:attachment":[{"href":"https:\/\/eyelaser.ch\/pl\/wp-json\/wp\/v2\/media?parent=32672"}],"curies":[{"name":"wp","href":"https:\/\/api.w.org\/{rel}","templated":true}]}}